{"id":18,"date":"2022-08-15T16:01:23","date_gmt":"2022-08-15T14:01:23","guid":{"rendered":"https:\/\/logobella.kylos.pl\/dervit.pl\/?page_id=18"},"modified":"2022-12-30T20:51:35","modified_gmt":"2022-12-30T19:51:35","slug":"dervit-sun","status":"publish","type":"page","link":"https:\/\/dervit.pl\/?page_id=18","title":{"rendered":"Dervit Sun"},"content":{"rendered":"<p>[et_pb_section fb_built=&#8221;1&#8243; _builder_version=&#8221;4.18.0&#8243; _module_preset=&#8221;default&#8221; background_enable_color=&#8221;off&#8221; use_background_color_gradient=&#8221;on&#8221; background_color_gradient_direction=&#8221;321deg&#8221; background_color_gradient_stops=&#8221;#10242f 31%|#013b55 49%|#10242f 66%&#8221; background_enable_image=&#8221;off&#8221; background_size=&#8221;contain&#8221; background_position=&#8221;top_left&#8221; background_vertical_offset=&#8221;25%&#8221; background_blend=&#8221;soft-light&#8221; custom_margin=&#8221;-27px|||||&#8221; custom_padding=&#8221;||3px|||&#8221; box_shadow_style=&#8221;preset3&#8243; locked=&#8221;off&#8221; global_colors_info=&#8221;{}&#8221;][et_pb_row column_structure=&#8221;1_5,3_5,1_5&#8243; _builder_version=&#8221;4.18.0&#8243; _module_preset=&#8221;default&#8221; custom_padding=&#8221;||4px|||&#8221; global_colors_info=&#8221;{}&#8221;][et_pb_column type=&#8221;1_5&#8243; _builder_version=&#8221;4.18.0&#8243; _module_preset=&#8221;default&#8221; global_colors_info=&#8221;{}&#8221;][\/et_pb_column][et_pb_column type=&#8221;3_5&#8243; _builder_version=&#8221;4.18.0&#8243; _module_preset=&#8221;default&#8221; global_colors_info=&#8221;{}&#8221;][et_pb_image src=&#8221;https:\/\/dervit.pl\/wp-content\/uploads\/2022\/08\/Dervit-Sun-1.png&#8221; title_text=&#8221;Dervit Sun&#8221; _builder_version=&#8221;4.18.0&#8243; _module_preset=&#8221;default&#8221; animation_style=&#8221;slide&#8221; animation_direction=&#8221;right&#8221; animation_intensity_slide=&#8221;5%&#8221; global_colors_info=&#8221;{}&#8221;][\/et_pb_image][\/et_pb_column][et_pb_column type=&#8221;1_5&#8243; _builder_version=&#8221;4.18.0&#8243; _module_preset=&#8221;default&#8221; global_colors_info=&#8221;{}&#8221;][\/et_pb_column][\/et_pb_row][et_pb_row column_structure=&#8221;1_3,2_3&#8243; make_equal=&#8221;on&#8221; _builder_version=&#8221;4.18.0&#8243; _module_preset=&#8221;default&#8221; width=&#8221;100%&#8221; max_width=&#8221;100%&#8221; custom_padding=&#8221;0px||0px|||&#8221; locked=&#8221;off&#8221; global_colors_info=&#8221;{}&#8221;][et_pb_column type=&#8221;1_3&#8243; _builder_version=&#8221;4.16&#8243; _module_preset=&#8221;default&#8221; global_colors_info=&#8221;{}&#8221;][et_pb_image src=&#8221;https:\/\/dervit.pl\/wp-content\/uploads\/2022\/10\/Hex-logo-Dervit.png&#8221; title_text=&#8221;Hex logo Dervit&#8221; _builder_version=&#8221;4.18.0&#8243; _module_preset=&#8221;default&#8221; positioning=&#8221;fixed&#8221; animation_style=&#8221;fade&#8221; global_colors_info=&#8221;{}&#8221; width_phone=&#8221;50%&#8221; width_last_edited=&#8221;on|phone&#8221; max_width_phone=&#8221;50%&#8221; max_width_last_edited=&#8221;on|phone&#8221; height_phone=&#8221;50%&#8221; height_last_edited=&#8221;on|phone&#8221;][\/et_pb_image][\/et_pb_column][et_pb_column type=&#8221;2_3&#8243; _builder_version=&#8221;4.18.0&#8243; _module_preset=&#8221;default&#8221; background_enable_image=&#8221;off&#8221; background_size=&#8221;initial&#8221; background_position=&#8221;bottom_right&#8221; background_horizontal_offset=&#8221;4%&#8221; background_vertical_offset=&#8221;7%&#8221; animation_style=&#8221;fade&#8221; global_colors_info=&#8221;{}&#8221;][\/et_pb_column][\/et_pb_row][\/et_pb_section][et_pb_section fb_built=&#8221;1&#8243; _builder_version=&#8221;4.18.0&#8243; _module_preset=&#8221;default&#8221; background_color=&#8221;rgba(215,194,130,0.07)&#8221; global_colors_info=&#8221;{}&#8221;][et_pb_row column_structure=&#8221;1_4,3_4&#8243; use_custom_gutter=&#8221;on&#8221; gutter_width=&#8221;1&#8243; _builder_version=&#8221;4.18.0&#8243; _module_preset=&#8221;default&#8221; global_colors_info=&#8221;{}&#8221;][et_pb_column type=&#8221;1_4&#8243; _builder_version=&#8221;4.18.0&#8243; _module_preset=&#8221;default&#8221; global_colors_info=&#8221;{}&#8221;][et_pb_text _builder_version=&#8221;4.19.4&#8243; _module_preset=&#8221;default&#8221; text_font=&#8221;|300|||||||&#8221; text_text_color=&#8221;#D7C282&#8243; text_font_size=&#8221;16px&#8221; header_font=&#8221;|300|||||||&#8221; header_text_color=&#8221;#D7C282&#8243; header_font_size=&#8221;40px&#8221; header_2_font=&#8221;Titillium Web|200|||||||&#8221; header_2_text_color=&#8221;#d6ac2f&#8221; header_2_font_size=&#8221;40px&#8221; custom_margin=&#8221;7px||7px|||&#8221; animation_style=&#8221;slide&#8221; animation_direction=&#8221;left&#8221; animation_intensity_slide=&#8221;5%&#8221; global_colors_info=&#8221;{}&#8221;]<\/p>\n<h1>Dervit SUN<\/h1>\n<p>[\/et_pb_text][et_pb_icon font_icon=&#8221;&#xf185;||fa||900&#8243; icon_color=&#8221;rgba(215,194,130,0.32)&#8221; _builder_version=&#8221;4.18.0&#8243; _module_preset=&#8221;default&#8221; custom_margin=&#8221;-79px||||false|false&#8221; global_colors_info=&#8221;{}&#8221;][\/et_pb_icon][\/et_pb_column][et_pb_column type=&#8221;3_4&#8243; _builder_version=&#8221;4.18.0&#8243; _module_preset=&#8221;default&#8221; global_colors_info=&#8221;{}&#8221;][et_pb_text _builder_version=&#8221;4.18.0&#8243; _module_preset=&#8221;default&#8221; custom_margin=&#8221;16px|||||&#8221; global_colors_info=&#8221;{}&#8221;]<\/p>\n<p>Dervit SUN zosta\u0142 opracowany z my\u015bl\u0105 o wszystkich, kt\u00f3rzy korzystaj\u0105 z k\u0105pieli s\u0142onecznych oraz wizyt w solarium.<\/p>\n<p>&nbsp;<\/p>\n<p>[\/et_pb_text][\/et_pb_column][\/et_pb_row][\/et_pb_section][et_pb_section fb_built=&#8221;1&#8243; inner_shadow=&#8221;on&#8221; _builder_version=&#8221;4.18.0&#8243; _module_preset=&#8221;default&#8221; global_colors_info=&#8221;{}&#8221;][et_pb_row column_structure=&#8221;1_2,1_2&#8243; use_custom_gutter=&#8221;on&#8221; gutter_width=&#8221;2&#8243; make_equal=&#8221;on&#8221; _builder_version=&#8221;4.18.0&#8243; _module_preset=&#8221;default&#8221; global_colors_info=&#8221;{}&#8221;][et_pb_column type=&#8221;1_2&#8243; _builder_version=&#8221;4.18.0&#8243; _module_preset=&#8221;default&#8221; background_color=&#8221;rgba(249,221,149,0.02)&#8221; custom_padding=&#8221;20px|20px|20px|20px|true|true&#8221; border_width_all=&#8221;1px&#8221; border_color_all=&#8221;rgba(215,194,130,0.31)&#8221; global_colors_info=&#8221;{}&#8221;][et_pb_text _builder_version=&#8221;4.18.0&#8243; _module_preset=&#8221;default&#8221; header_2_font_size=&#8221;25px&#8221; global_colors_info=&#8221;{}&#8221;]<\/p>\n<h2>Formu\u0142a:<\/h2>\n<p><strong><\/strong><\/p>\n<p>Unikalna VITA Bronze formula to kompozycja synergicznie dzia\u0142aj\u0105cych sk\u0142adnik\u00f3w wspomagaj\u0105cych prawid\u0142ow\u0105 pigmentacj\u0119 sk\u00f3ry.<\/p>\n<p>Formu\u0142a zosta\u0142a wzbogacona o ekstrakty ro\u015blinne pochodzenia naturalnego, witaminy, minera\u0142y oraz aminokwasy.<\/p>\n<ul><\/ul>\n<p>[\/et_pb_text][\/et_pb_column][et_pb_column type=&#8221;1_2&#8243; _builder_version=&#8221;4.18.0&#8243; _module_preset=&#8221;default&#8221; background_color=&#8221;rgba(249,221,149,0.02)&#8221; custom_padding=&#8221;20px|20px|20px|20px|true|true&#8221; border_width_all=&#8221;1px&#8221; border_color_all=&#8221;rgba(215,194,130,0.31)&#8221; global_colors_info=&#8221;{}&#8221;][et_pb_text _builder_version=&#8221;4.18.0&#8243; _module_preset=&#8221;default&#8221; header_2_text_color=&#8221;#252E46&#8243; header_2_font_size=&#8221;25px&#8221; custom_padding=&#8221;1px|||||&#8221; global_colors_info=&#8221;{}&#8221;]<\/p>\n<h2>Kiedy i jak stosowa\u0107 Dervit SUN??<\/h2>\n<p><strong><\/strong><\/p>\n<p><span>1. Przed opalaniem \u2013 zadbaj o zdrowie sk\u00f3ry i przygotuj si\u0119 na k\u0105piele s\u0142oneczne**<\/span><\/p>\n<p><span>2. W trakcie opalania \u2013 chro\u0144 swoj\u0105 sk\u00f3r\u0119 ***<\/span><\/p>\n<p><span>3. Po opalaniu \u2013 utrzymaj pi\u0119kny kolor sk\u00f3ry po opalaniu****<\/span><\/p>\n<p>[\/et_pb_text][\/et_pb_column][\/et_pb_row][\/et_pb_section][et_pb_section fb_built=&#8221;1&#8243; _builder_version=&#8221;4.18.0&#8243; _module_preset=&#8221;default&#8221; background_enable_color=&#8221;off&#8221; use_background_color_gradient=&#8221;on&#8221; background_color_gradient_stops=&#8221;rgba(215,194,130,0.07) 0%|rgba(255,255,255,0) 100%&#8221; border_width_bottom=&#8221;1px&#8221; border_color_bottom=&#8221;rgba(215,194,130,0.31)&#8221; global_colors_info=&#8221;{}&#8221;][et_pb_row _builder_version=&#8221;4.18.0&#8243; _module_preset=&#8221;default&#8221; global_colors_info=&#8221;{}&#8221;][et_pb_column type=&#8221;4_4&#8243; _builder_version=&#8221;4.18.0&#8243; _module_preset=&#8221;default&#8221; global_colors_info=&#8221;{}&#8221;][et_pb_icon font_icon=&#8221;&#xf140;||fa||900&#8243; icon_color=&#8221;#e0cc8f&#8221; icon_width=&#8221;35px&#8221; _builder_version=&#8221;4.18.0&#8243; _module_preset=&#8221;default&#8221; custom_margin=&#8221;||21px|||&#8221; global_colors_info=&#8221;{}&#8221;][\/et_pb_icon][et_pb_text _builder_version=&#8221;4.18.0&#8243; _module_preset=&#8221;default&#8221; custom_padding=&#8221;0px|||||&#8221; global_colors_info=&#8221;{}&#8221;]<\/p>\n<h2 style=\"text-align: center;\">Dzia\u0142anie preparatu w odniesieniu do poszczeg\u00f3lnych sk\u0142adnik\u00f3w:<\/h2>\n<ul>\n<li><strong>Kurkuma, witamina A, ryboflawina, niacyna<\/strong><span>\u00a0oraz\u00a0<\/span><strong>cynk<\/strong><span>\u00a0pomagaj\u0105 zachowa\u0107 zdrow\u0105 sk\u00f3r\u0119.<\/span><br \/><strong><\/strong><\/li>\n<li><strong>Mied\u017a<\/strong><span>\u00a0pomaga w utrzymaniu prawid\u0142owej pigmentacji sk\u00f3ry.<\/span><br \/><strong><\/strong><\/li>\n<li><strong>Witamina C<\/strong><span>\u00a0pomaga w prawid\u0142owej produkcji kolagenu, w celu zapewnienia prawid\u0142owego funkcjonowania sk\u00f3ry.<\/span><br \/><strong><\/strong><\/li>\n<li><strong>Witamina C<\/strong><span>\u00a0oraz\u00a0<\/span><strong>witamina E<\/strong><span>,\u00a0mied\u017a oraz mangan pomagaj\u0105 w ochronie kom\u00f3rek przed stresem oksydacyjnym.<\/span><br \/><strong><\/strong><\/li>\n<li><strong>Foliany\u00a0<\/strong><span>pomagaj\u0105 w prawid\u0142owej syntezie aminokwas\u00f3w.<\/span><br \/><strong><\/strong><\/li>\n<li><strong>Mangan\u00a0<\/strong><span>bierze udzia\u0142 w prawid\u0142owym tworzeniu tkanki \u0142\u0105cznej.<\/span><\/li>\n<\/ul>\n<p>[\/et_pb_text][\/et_pb_column][\/et_pb_row][\/et_pb_section][et_pb_section fb_built=&#8221;1&#8243; _builder_version=&#8221;4.18.0&#8243; _module_preset=&#8221;default&#8221; background_color=&#8221;rgba(215,194,130,0.07)&#8221; global_colors_info=&#8221;{}&#8221;][et_pb_row _builder_version=&#8221;4.18.0&#8243; _module_preset=&#8221;default&#8221; global_colors_info=&#8221;{}&#8221;][et_pb_column type=&#8221;4_4&#8243; _builder_version=&#8221;4.18.0&#8243; _module_preset=&#8221;default&#8221; global_colors_info=&#8221;{}&#8221;][et_pb_icon font_icon=&#8221;&#xf5a7;||fa||900&#8243; icon_color=&#8221;#e0cc8f&#8221; icon_width=&#8221;35px&#8221; _builder_version=&#8221;4.18.0&#8243; _module_preset=&#8221;default&#8221; custom_margin=&#8221;||21px|||&#8221; global_colors_info=&#8221;{}&#8221;][\/et_pb_icon][et_pb_text _builder_version=&#8221;4.18.0&#8243; _module_preset=&#8221;default&#8221; custom_padding=&#8221;0px|||||&#8221; global_colors_info=&#8221;{}&#8221;]<\/p>\n<h2 style=\"text-align: center;\">Sk\u0142adniki w porcji dziennej (2 kapsu\u0142ki):<\/h2>\n<p><span>kapsu\u0142ka (\u017celatyna), VITA BRONZE Formula [ekstrakt z k\u0142\u0105cza kurkumy (Curcuma longa): 80 mg, ekstrakt z kwiat\u00f3w aksamitki wzniesionej (Tagetes erecta): 30 mg, w tym luteina 6 mg oraz zeaksantyna 1,2 mg, beta-karoten (witamina A: 667 \u00b5g \u2013 83%*), likopen: 1 mg], substancja wype\u0142niaj\u0105ca \u2013 celuloza mikrokrystaliczna (\u017cel celulozowy), kwas L-askorbinowy (witamina C: 50 mg \u2013 63%*), octan DL-alfa-tokoferylu (witamina E: 50 mg \u2013 417%*), L-leucyna: 50 mg, L-tyrozyna: 20 mg, amid kwasu nikotynowego (niacyna: 16 mg \u2013 100%*), cytrynian cynku (cynk: 5 mg \u2013 50%*), glukonian miedzi (II) (mied\u017a: 1 mg \u2013 100%*), D-pantotenian wapnia (kwas pantotenowy: 6 mg \u2013 100%*), PABA (kwas para-aminobenzoesowy): 5 mg, siarczan manganu (mangan: 1,6 mg \u2013 80%*), chlorowodorek pirydoksyny (witamina B6: 1,4 mg \u2013 100%*), chlorowodorek tiaminy (tiamina: 1,1 mg \u2013 100%*), ryboflawina (ryboflawina: 1,4mg \u2013 100%*), substancja przeciwzbrylaj\u0105ca \u2013 dwutlenek krzemu, kwas pteroilomonoglutaminowy (kwas foliowy: 200 \u00b5g \u2013 100%*).<\/span><br \/><span>*DRWS \u2013 dzienna referencyjna warto\u015b\u0107 spo\u017cycia dla os\u00f3b doros\u0142ych.<\/span><\/p>\n<p>[\/et_pb_text][\/et_pb_column][\/et_pb_row][\/et_pb_section][et_pb_section fb_built=&#8221;1&#8243; inner_shadow=&#8221;on&#8221; _builder_version=&#8221;4.18.0&#8243; _module_preset=&#8221;default&#8221; global_colors_info=&#8221;{}&#8221;][et_pb_row column_structure=&#8221;1_2,1_2&#8243; use_custom_gutter=&#8221;on&#8221; gutter_width=&#8221;2&#8243; make_equal=&#8221;on&#8221; _builder_version=&#8221;4.18.0&#8243; _module_preset=&#8221;default&#8221; background_enable_color=&#8221;off&#8221; border_color_all=&#8221;#D7C282&#8243; global_colors_info=&#8221;{}&#8221;][et_pb_column type=&#8221;1_2&#8243; _builder_version=&#8221;4.18.0&#8243; _module_preset=&#8221;default&#8221; background_color=&#8221;rgba(249,221,149,0.05)&#8221; custom_padding=&#8221;20px|20px|20px|20px|true|true&#8221; border_width_all=&#8221;1px&#8221; border_color_all=&#8221;rgba(215,194,130,0.31)&#8221; global_colors_info=&#8221;{}&#8221;][et_pb_icon font_icon=&#8221;&#xf21e;||fa||900&#8243; icon_color=&#8221;#e0cc8f&#8221; icon_width=&#8221;35px&#8221; _builder_version=&#8221;4.18.0&#8243; _module_preset=&#8221;default&#8221; animation_style=&#8221;fade&#8221; global_colors_info=&#8221;{}&#8221;][\/et_pb_icon][et_pb_text _builder_version=&#8221;4.18.0&#8243; _module_preset=&#8221;default&#8221; custom_padding=&#8221;||20px||false|false&#8221; border_color_bottom=&#8221;#D7C282&#8243; global_colors_info=&#8221;{}&#8221;]<\/p>\n<h2 style=\"text-align: center;\">Spos\u00f3b u\u017cycia:<\/h2>\n<p><span>Zalecana dzienna porcja do spo\u017cycia: 2 kapsu\u0142ki. Nie nale\u017cy przekracza\u0107 zalecanej porcji do spo\u017cycia w ci\u0105gu dnia. <\/span><\/p>\n<p><span>Produkt nie jest przeznaczony dla dzieci, kobiet w ci\u0105\u017cy, karmi\u0105cych piersi\u0105 oraz os\u00f3b z indywidualnym brakiem tolerancji na kt\u00f3rykolwiek ze sk\u0142adnik\u00f3w produktu. <\/span><\/p>\n<p><span>uplement diety nie mo\u017ce by\u0107 stosowany jako zamiennik zr\u00f3\u017cnicowanej diety. <\/span><\/p>\n<p><span>Dla utrzymania prawid\u0142owego stanu zdrowia nale\u017cy stosowa\u0107 zr\u00f3\u017cnicowan\u0105 diet\u0119 i prowadzi\u0107 zdrowy tryb \u017cycia.<\/span><\/p>\n<p>[\/et_pb_text][\/et_pb_column][et_pb_column type=&#8221;1_2&#8243; _builder_version=&#8221;4.18.0&#8243; _module_preset=&#8221;default&#8221; background_color=&#8221;rgba(249,221,149,0.05)&#8221; custom_padding=&#8221;20px|20px|20px|20px|true|true&#8221; border_width_all=&#8221;1px&#8221; border_color_all=&#8221;rgba(215,194,130,0.31)&#8221; global_colors_info=&#8221;{}&#8221;][et_pb_icon font_icon=&#8221;&#xf494;||fa||900&#8243; icon_color=&#8221;#e0cc8f&#8221; icon_width=&#8221;35px&#8221; _builder_version=&#8221;4.18.0&#8243; _module_preset=&#8221;default&#8221; animation_style=&#8221;fade&#8221; global_colors_info=&#8221;{}&#8221;][\/et_pb_icon][et_pb_text _builder_version=&#8221;4.18.0&#8243; _module_preset=&#8221;default&#8221; custom_margin=&#8221;||21px|||&#8221; custom_padding=&#8221;||20px||false|false&#8221; border_color_all=&#8221;rgba(215,194,130,0.31)&#8221; border_width_bottom=&#8221;1px&#8221; global_colors_info=&#8221;{}&#8221;]<\/p>\n<h2 style=\"text-align: center;\">Spos\u00f3b przechowywania:<\/h2>\n<p>Przechowywa\u0107 w suchym miejscu w temperaturze pokojowej, w spos\u00f3b niedost\u0119pny dla ma\u0142ych dzieci.<\/p>\n<p>Chroni\u0107 przed \u015bwiat\u0142em.<\/p>\n<p>[\/et_pb_text][et_pb_icon font_icon=&#8221;&#xf49e;||fa||900&#8243; icon_color=&#8221;#e0cc8f&#8221; icon_width=&#8221;35px&#8221; _builder_version=&#8221;4.18.0&#8243; _module_preset=&#8221;default&#8221; animation_style=&#8221;fade&#8221; global_colors_info=&#8221;{}&#8221;][\/et_pb_icon][et_pb_text _builder_version=&#8221;4.18.0&#8243; _module_preset=&#8221;default&#8221; custom_padding=&#8221;||20px||false|false&#8221; border_color_bottom=&#8221;#D7C282&#8243; global_colors_info=&#8221;{}&#8221;]<\/p>\n<h2 style=\"text-align: center;\">Zawarto\u015b\u0107 w opakowaniu:<\/h2>\n<p>30 kapsu\u0142ek<\/p>\n<p>[\/et_pb_text][\/et_pb_column][\/et_pb_row][et_pb_row _builder_version=&#8221;4.18.0&#8243; _module_preset=&#8221;default&#8221; global_colors_info=&#8221;{}&#8221;][et_pb_column type=&#8221;4_4&#8243; _builder_version=&#8221;4.18.0&#8243; _module_preset=&#8221;default&#8221; global_colors_info=&#8221;{}&#8221;][et_pb_image src=&#8221;https:\/\/dervit.pl\/wp-content\/uploads\/2022\/08\/opalanie-dervit-sun.jpg&#8221; title_text=&#8221;opalanie dervit sun&#8221; _builder_version=&#8221;4.18.0&#8243; _module_preset=&#8221;default&#8221; global_colors_info=&#8221;{}&#8221;][\/et_pb_image][\/et_pb_column][\/et_pb_row][\/et_pb_section]<\/p>\n","protected":false},"excerpt":{"rendered":"<p>Dervit SUNDervit SUN zosta\u0142 opracowany z my\u015bl\u0105 o wszystkich, kt\u00f3rzy korzystaj\u0105 z k\u0105pieli s\u0142onecznych oraz wizyt w solarium. &nbsp;Formu\u0142a: Unikalna VITA Bronze formula to kompozycja synergicznie dzia\u0142aj\u0105cych sk\u0142adnik\u00f3w wspomagaj\u0105cych prawid\u0142ow\u0105 pigmentacj\u0119 sk\u00f3ry. Formu\u0142a zosta\u0142a wzbogacona o ekstrakty ro\u015blinne pochodzenia naturalnego, witaminy, minera\u0142y oraz aminokwasy. Kiedy i jak stosowa\u0107 Dervit SUN?? 1. Przed opalaniem \u2013 zadbaj [&hellip;]<\/p>\n","protected":false},"author":1,"featured_media":0,"parent":0,"menu_order":0,"comment_status":"closed","ping_status":"closed","template":"","meta":{"_et_pb_use_builder":"on","_et_pb_old_content":"","_et_gb_content_width":"","footnotes":""},"class_list":["post-18","page","type-page","status-publish","hentry"],"_links":{"self":[{"href":"https:\/\/dervit.pl\/index.php?rest_route=\/wp\/v2\/pages\/18","targetHints":{"allow":["GET"]}}],"collection":[{"href":"https:\/\/dervit.pl\/index.php?rest_route=\/wp\/v2\/pages"}],"about":[{"href":"https:\/\/dervit.pl\/index.php?rest_route=\/wp\/v2\/types\/page"}],"author":[{"embeddable":true,"href":"https:\/\/dervit.pl\/index.php?rest_route=\/wp\/v2\/users\/1"}],"replies":[{"embeddable":true,"href":"https:\/\/dervit.pl\/index.php?rest_route=%2Fwp%2Fv2%2Fcomments&post=18"}],"version-history":[{"count":6,"href":"https:\/\/dervit.pl\/index.php?rest_route=\/wp\/v2\/pages\/18\/revisions"}],"predecessor-version":[{"id":906,"href":"https:\/\/dervit.pl\/index.php?rest_route=\/wp\/v2\/pages\/18\/revisions\/906"}],"wp:attachment":[{"href":"https:\/\/dervit.pl\/index.php?rest_route=%2Fwp%2Fv2%2Fmedia&parent=18"}],"curies":[{"name":"wp","href":"https:\/\/api.w.org\/{rel}","templated":true}]}}