{"id":15,"date":"2022-08-15T16:01:14","date_gmt":"2022-08-15T14:01:14","guid":{"rendered":"https:\/\/logobella.kylos.pl\/dervit.pl\/?page_id=15"},"modified":"2022-12-30T20:51:09","modified_gmt":"2022-12-30T19:51:09","slug":"dervit-forte-intensywne-wsparcie-dla-dojrzalych-kobiet","status":"publish","type":"page","link":"https:\/\/dervit.pl\/?page_id=15","title":{"rendered":"Dervit Forte &#8211; intensywne wsparcie dla dojrza\u0142ych kobiet"},"content":{"rendered":"<p>[et_pb_section fb_built=&#8221;1&#8243; _builder_version=&#8221;4.18.0&#8243; _module_preset=&#8221;default&#8221; background_enable_color=&#8221;off&#8221; use_background_color_gradient=&#8221;on&#8221; background_color_gradient_direction=&#8221;321deg&#8221; background_color_gradient_stops=&#8221;#10242f 31%|#013b55 49%|#10242f 66%&#8221; background_enable_image=&#8221;off&#8221; background_size=&#8221;contain&#8221; background_position=&#8221;top_left&#8221; background_vertical_offset=&#8221;25%&#8221; background_blend=&#8221;soft-light&#8221; custom_padding=&#8221;||2px|||&#8221; box_shadow_style=&#8221;preset3&#8243; global_colors_info=&#8221;{}&#8221;][et_pb_row column_structure=&#8221;1_5,3_5,1_5&#8243; _builder_version=&#8221;4.18.0&#8243; _module_preset=&#8221;default&#8221; custom_padding=&#8221;||2px|||&#8221; global_colors_info=&#8221;{}&#8221;][et_pb_column type=&#8221;1_5&#8243; _builder_version=&#8221;4.18.0&#8243; _module_preset=&#8221;default&#8221; global_colors_info=&#8221;{}&#8221;][\/et_pb_column][et_pb_column type=&#8221;3_5&#8243; _builder_version=&#8221;4.18.0&#8243; _module_preset=&#8221;default&#8221; global_colors_info=&#8221;{}&#8221;][et_pb_image src=&#8221;https:\/\/dervit.pl\/wp-content\/uploads\/2022\/08\/Dervit-Forte.png&#8221; title_text=&#8221;Dervit Forte&#8221; _builder_version=&#8221;4.18.0&#8243; _module_preset=&#8221;default&#8221; z_index=&#8221;0&#8243; animation_style=&#8221;slide&#8221; animation_direction=&#8221;right&#8221; animation_intensity_slide=&#8221;5%&#8221; global_colors_info=&#8221;{}&#8221;][\/et_pb_image][\/et_pb_column][et_pb_column type=&#8221;1_5&#8243; _builder_version=&#8221;4.18.0&#8243; _module_preset=&#8221;default&#8221; global_colors_info=&#8221;{}&#8221;][\/et_pb_column][\/et_pb_row][et_pb_row column_structure=&#8221;1_3,2_3&#8243; make_equal=&#8221;on&#8221; _builder_version=&#8221;4.18.0&#8243; _module_preset=&#8221;default&#8221; width=&#8221;100%&#8221; max_width=&#8221;100%&#8221; custom_padding=&#8221;0px||0px|||&#8221; locked=&#8221;off&#8221; global_colors_info=&#8221;{}&#8221;][et_pb_column type=&#8221;1_3&#8243; _builder_version=&#8221;4.16&#8243; _module_preset=&#8221;default&#8221; global_colors_info=&#8221;{}&#8221;][et_pb_image src=&#8221;https:\/\/dervit.pl\/wp-content\/uploads\/2022\/10\/Hex-logo-Dervit.png&#8221; title_text=&#8221;Hex logo Dervit&#8221; _builder_version=&#8221;4.18.0&#8243; _module_preset=&#8221;default&#8221; positioning=&#8221;fixed&#8221; animation_style=&#8221;fade&#8221; hover_enabled=&#8221;0&#8243; global_colors_info=&#8221;{}&#8221; sticky_enabled=&#8221;0&#8243; width_phone=&#8221;50%&#8221; width_last_edited=&#8221;on|phone&#8221; max_width_phone=&#8221;50%&#8221; max_width_last_edited=&#8221;on|phone&#8221; height_phone=&#8221;50%&#8221; height_last_edited=&#8221;on|phone&#8221;][\/et_pb_image][\/et_pb_column][et_pb_column type=&#8221;2_3&#8243; _builder_version=&#8221;4.18.0&#8243; _module_preset=&#8221;default&#8221; background_enable_image=&#8221;off&#8221; background_size=&#8221;initial&#8221; background_position=&#8221;bottom_right&#8221; background_horizontal_offset=&#8221;4%&#8221; background_vertical_offset=&#8221;7%&#8221; animation_style=&#8221;fade&#8221; global_colors_info=&#8221;{}&#8221;][\/et_pb_column][\/et_pb_row][\/et_pb_section][et_pb_section fb_built=&#8221;1&#8243; _builder_version=&#8221;4.18.0&#8243; _module_preset=&#8221;default&#8221; background_color=&#8221;rgba(215,194,130,0.07)&#8221; global_colors_info=&#8221;{}&#8221;][et_pb_row column_structure=&#8221;1_4,3_4&#8243; use_custom_gutter=&#8221;on&#8221; gutter_width=&#8221;1&#8243; _builder_version=&#8221;4.18.0&#8243; _module_preset=&#8221;default&#8221; global_colors_info=&#8221;{}&#8221;][et_pb_column type=&#8221;1_4&#8243; _builder_version=&#8221;4.18.0&#8243; _module_preset=&#8221;default&#8221; global_colors_info=&#8221;{}&#8221;][et_pb_text _builder_version=&#8221;4.19.4&#8243; _module_preset=&#8221;default&#8221; text_font=&#8221;|300|||||||&#8221; text_text_color=&#8221;#D7C282&#8243; text_font_size=&#8221;16px&#8221; header_2_font=&#8221;|200|||||||&#8221; header_2_text_color=&#8221;#d6ac2f&#8221; header_2_font_size=&#8221;40px&#8221; custom_margin=&#8221;7px||7px|||&#8221; animation_style=&#8221;slide&#8221; animation_direction=&#8221;left&#8221; animation_intensity_slide=&#8221;5%&#8221; global_colors_info=&#8221;{}&#8221;]<\/p>\n<h2>Dervit Forte<br \/>z biotyn\u0105<\/h2>\n<p>[\/et_pb_text][et_pb_icon font_icon=&#8221;&#xf299;||fa||400&#8243; icon_color=&#8221;rgba(215,194,130,0.26)&#8221; icon_width=&#8221;113px&#8221; _builder_version=&#8221;4.18.0&#8243; _module_preset=&#8221;default&#8221; global_colors_info=&#8221;{}&#8221;][\/et_pb_icon][\/et_pb_column][et_pb_column type=&#8221;3_4&#8243; _builder_version=&#8221;4.18.0&#8243; _module_preset=&#8221;default&#8221; global_colors_info=&#8221;{}&#8221;][et_pb_text _builder_version=&#8221;4.18.0&#8243; _module_preset=&#8221;default&#8221; global_colors_info=&#8221;{}&#8221;]<\/p>\n<p>suplement diety zosta\u0142 opracowany z my\u015bl\u0105 o wszystkich, kt\u00f3rzy chc\u0105 kompleksowo zadba\u0107 o swoje w\u0142osy, sk\u00f3r\u0119 oraz paznokcie.<\/p>\n<p>Dervit forte z biotyn\u0105 to \u015bwietne rozwi\u0105zanie dla aktywnych, dojrza\u0142ych kobiet.<\/p>\n<p>Dervit forte z biotyn\u0105 polecany jest r\u00f3wnie\u017c osobom:<\/p>\n<ul>\n<li>korzystaj\u0105cym z zabieg\u00f3w fryzjerskich i kosmetycznych<\/li>\n<li>b\u0119d\u0105cym na diecie<\/li>\n<li>b\u0119d\u0105cym pod wp\u0142ywem stresu, \u017cyj\u0105cym w po\u015bpiechu<\/li>\n<\/ul>\n<p>[\/et_pb_text][\/et_pb_column][\/et_pb_row][\/et_pb_section][et_pb_section fb_built=&#8221;1&#8243; inner_shadow=&#8221;on&#8221; _builder_version=&#8221;4.18.0&#8243; _module_preset=&#8221;default&#8221; global_colors_info=&#8221;{}&#8221;][et_pb_row column_structure=&#8221;1_2,1_2&#8243; use_custom_gutter=&#8221;on&#8221; gutter_width=&#8221;2&#8243; make_equal=&#8221;on&#8221; _builder_version=&#8221;4.18.0&#8243; _module_preset=&#8221;default&#8221; global_colors_info=&#8221;{}&#8221;][et_pb_column type=&#8221;1_2&#8243; _builder_version=&#8221;4.18.0&#8243; _module_preset=&#8221;default&#8221; background_color=&#8221;rgba(249,221,149,0.02)&#8221; custom_padding=&#8221;20px|20px|20px|20px|true|true&#8221; border_width_all=&#8221;1px&#8221; border_color_all=&#8221;rgba(215,194,130,0.31)&#8221; global_colors_info=&#8221;{}&#8221;][et_pb_text _builder_version=&#8221;4.18.0&#8243; _module_preset=&#8221;default&#8221; header_2_font_size=&#8221;25px&#8221; global_colors_info=&#8221;{}&#8221;]<\/p>\n<h2>Sk\u0142adniki aktywne:<\/h2>\n<p><strong>Unikalna\u00a0Formu\u0142a 21+ Dervitu Forte z biotyn\u0105<\/strong><span>\u00a0<\/span>to optymalne po\u0142\u0105czenie a\u017c\u00a021 starannie dobranych sk\u0142adnik\u00f3w aktywnych:<\/p>\n<ul>\n<li>naturalnych ekstrakt\u00f3w ro\u015blinnych,<\/li>\n<li>witamin,<\/li>\n<li>minera\u0142\u00f3w oraz<\/li>\n<li>aminokwas\u00f3w.<\/li>\n<\/ul>\n<ul><\/ul>\n<ul><\/ul>\n<p>[\/et_pb_text][\/et_pb_column][et_pb_column type=&#8221;1_2&#8243; _builder_version=&#8221;4.18.0&#8243; _module_preset=&#8221;default&#8221; background_color=&#8221;rgba(249,221,149,0.02)&#8221; custom_padding=&#8221;20px|20px|20px|20px|true|true&#8221; border_width_all=&#8221;1px&#8221; border_color_all=&#8221;rgba(215,194,130,0.31)&#8221; global_colors_info=&#8221;{}&#8221;][et_pb_text _builder_version=&#8221;4.18.0&#8243; _module_preset=&#8221;default&#8221; header_2_text_color=&#8221;#252E46&#8243; header_2_font_size=&#8221;25px&#8221; global_colors_info=&#8221;{}&#8221;]<\/p>\n<h2>Dlaczego Dervit Forte z biotyn\u0105?<\/h2>\n<p><strong><\/strong><\/p>\n<ul>\n<li>bogactwo sk\u0142adnik\u00f3w<\/li>\n<li>wysoka dawka biotyny 2,5 mg<\/li>\n<li>potr\u00f3jne \u017ar\u00f3d\u0142o krzemionki (min. 12 mg krzemu)<\/li>\n<li>rekomendowana dzienna dawka witaminy D 2000 IU*<\/li>\n<li>nie zawiera stearynianu magnezu ani dwutlenku tytanu (transparentna kapsu\u0142ka)<\/li>\n<\/ul>\n<p>[\/et_pb_text][\/et_pb_column][\/et_pb_row][\/et_pb_section][et_pb_section fb_built=&#8221;1&#8243; _builder_version=&#8221;4.18.0&#8243; _module_preset=&#8221;default&#8221; background_enable_color=&#8221;off&#8221; use_background_color_gradient=&#8221;on&#8221; background_color_gradient_stops=&#8221;rgba(215,194,130,0.07) 0%|rgba(255,255,255,0) 100%&#8221; border_width_bottom=&#8221;1px&#8221; border_color_bottom=&#8221;rgba(215,194,130,0.31)&#8221; locked=&#8221;off&#8221; global_colors_info=&#8221;{}&#8221;][et_pb_row _builder_version=&#8221;4.18.0&#8243; _module_preset=&#8221;default&#8221; global_colors_info=&#8221;{}&#8221;][et_pb_column type=&#8221;4_4&#8243; _builder_version=&#8221;4.18.0&#8243; _module_preset=&#8221;default&#8221; global_colors_info=&#8221;{}&#8221;][et_pb_icon font_icon=&#8221;&#xf140;||fa||900&#8243; icon_color=&#8221;#e0cc8f&#8221; icon_width=&#8221;35px&#8221; _builder_version=&#8221;4.18.0&#8243; _module_preset=&#8221;default&#8221; custom_margin=&#8221;||21px|||&#8221; global_colors_info=&#8221;{}&#8221;][\/et_pb_icon][et_pb_text _builder_version=&#8221;4.18.0&#8243; _module_preset=&#8221;default&#8221; custom_padding=&#8221;0px|||||&#8221; global_colors_info=&#8221;{}&#8221;]<\/p>\n<h2 style=\"text-align: center;\">Dzia\u0142anie preparatu w odniesieniu do poszczeg\u00f3lnych sk\u0142adnik\u00f3w***:<\/h2>\n<ul>\n<li>pomaga zachowa\u0107 zdrow\u0105 sk\u00f3r\u0119 (biotyna, cynk, niacyna, witamina A, ryboflawina, ekstrakt z li\u015bci pokrzywy (Urtica dioica))<\/li>\n<li>pomaga zachowa\u0107 zdrowe w\u0142osy (biotyna, cynk, selen oraz ekstrakt z \u0142odyg i li\u015bci skrzypu polnego (Equisetum arvense))<\/li>\n<li>pomaga zachowa\u0107 zdrowe paznokcie (cynk, selen oraz ekstrakt z \u0142odyg i li\u015bci skrzypu polnego (Equisetum arvense))<\/li>\n<li>pomaga w utrzymaniu prawid\u0142owej pigmentacji sk\u00f3ry oraz w\u0142os\u00f3w (mied\u017a)<\/li>\n<li>\u017ar\u00f3d\u0142o naturalnej krzemionki: (ekstrakt z bambusa (Bambusa vulgaris), pokrzywy zwyczajnej (Urtica dioica) oraz ze skrzypu polnego (Equisetum arvense))<\/li>\n<li>pomaga w prawid\u0142owej produkcji kolagenu w celu zapewnienia prawid\u0142owego funkcjonowania sk\u00f3ry (witamina C)<\/li>\n<li>utrzymanie prawid\u0142owego stanu b\u0142on \u015bluzowych (biotyna, niacyna, witamina A oraz ryboflawina)<\/li>\n<li>ochrona kom\u00f3rek przed stresem oksydacyjnym (witamina C, witamina E)<\/li>\n<li>utrzymanie prawid\u0142owego metabolizmy energetycznego (biotyna, niacyna, mied\u017a, witamina B1, witamina C, \u017celazo)<\/li>\n<li>prawid\u0142owy transport tlenu w organizmie (\u017celazo)<\/li>\n<li>zmniejszenie uczucia zm\u0119czenia oraz znu\u017cenia (niacyna, witamina B2, witamina B6, witamina C)<\/li>\n<li>prawid\u0142owe funkcjonowanie uk\u0142adu odporno\u015bciowego, ko\u015bci, z\u0119b\u00f3w oraz mi\u0119\u015bni (witamina D)<\/li>\n<\/ul>\n<p>[\/et_pb_text][\/et_pb_column][\/et_pb_row][\/et_pb_section][et_pb_section fb_built=&#8221;1&#8243; _builder_version=&#8221;4.18.0&#8243; _module_preset=&#8221;default&#8221; background_color=&#8221;rgba(215,194,130,0.07)&#8221; global_colors_info=&#8221;{}&#8221;][et_pb_row _builder_version=&#8221;4.18.0&#8243; _module_preset=&#8221;default&#8221; global_colors_info=&#8221;{}&#8221;][et_pb_column type=&#8221;4_4&#8243; _builder_version=&#8221;4.18.0&#8243; _module_preset=&#8221;default&#8221; global_colors_info=&#8221;{}&#8221;][et_pb_icon font_icon=&#8221;&#xf5a7;||fa||900&#8243; icon_color=&#8221;#e0cc8f&#8221; icon_width=&#8221;35px&#8221; _builder_version=&#8221;4.18.0&#8243; _module_preset=&#8221;default&#8221; custom_margin=&#8221;||21px|||&#8221; global_colors_info=&#8221;{}&#8221;][\/et_pb_icon][et_pb_text _builder_version=&#8221;4.18.0&#8243; _module_preset=&#8221;default&#8221; global_colors_info=&#8221;{}&#8221;]<\/p>\n<h2 style=\"text-align: center;\">Sk\u0142adniki w porcji dziennej (2 kapsu\u0142ki):<\/h2>\n<p><span>kwas l-askorbinowy (witamina C: 80mg-100%**),\u00a0kapsu\u0142ka (\u017celatyna), fumaran \u017celaza (II) (\u017celazo:14 mg-100% **), octan DL-alfa-tokoferylu (witamina E: 12mg-100%**), ekstrakt z kie\u0142k\u00f3w bambusa (Bambusa vulgaris) standaryzowany na 75% krzemionki: 33 mg \u2013 w tym: krzem 12mg, cytrynian cynku (cynk:10 mg-100%**), cholekalcyferol (witamina D: 50 \u00b5g-2000IU-1000%**), L-leucyna 25 mg, L-metionina 25 mg, ekstrakt z li\u015bci pokrzywy (Urtica dioica) 25 mg, ekstrakt z nasion prosa (Panicum miliaceum): 20 mg, ekstrakt z \u0142odyg i li\u015bci skrzypu polnego (Equisetum arvense): 20 mg, amid kwasu nikotynowego (niacyna: 16 mg-100% **), octan retinylu (witamina A: 800 \u00b5g-100%**), inulina: 5 mg, inozytol: 5mg, D-biotyna (biotyna: 2500\u00a0\u00b5g-5000%**), siarczan miedzi (mied\u017a: 1 mg-100%**), chlorowodorek tiaminy (tiamina: 1,1mg-100%**), chlorowodorek pirydoksyny (witamina B6: 1,4mg-100%**), skrobia kukurydziana, ryboflawina (ryboflawina:1,4mg-100%**), selenian sodu (selen 8,25 \u00b5g-15% **).<\/span><br \/><span>**DRWS-dzienna referencyjna warto\u015b\u0107 spo\u017cycia dla os\u00f3b doros\u0142ych<\/span><\/p>\n<p>[\/et_pb_text][\/et_pb_column][\/et_pb_row][\/et_pb_section][et_pb_section fb_built=&#8221;1&#8243; inner_shadow=&#8221;on&#8221; _builder_version=&#8221;4.18.0&#8243; _module_preset=&#8221;default&#8221; global_colors_info=&#8221;{}&#8221;][et_pb_row column_structure=&#8221;1_2,1_2&#8243; use_custom_gutter=&#8221;on&#8221; gutter_width=&#8221;2&#8243; make_equal=&#8221;on&#8221; _builder_version=&#8221;4.18.0&#8243; _module_preset=&#8221;default&#8221; background_enable_color=&#8221;off&#8221; border_color_all=&#8221;#D7C282&#8243; global_colors_info=&#8221;{}&#8221;][et_pb_column type=&#8221;1_2&#8243; _builder_version=&#8221;4.18.0&#8243; _module_preset=&#8221;default&#8221; background_color=&#8221;rgba(249,221,149,0.05)&#8221; custom_padding=&#8221;20px|20px|20px|20px|true|true&#8221; border_width_all=&#8221;1px&#8221; border_color_all=&#8221;rgba(215,194,130,0.31)&#8221; global_colors_info=&#8221;{}&#8221;][et_pb_icon font_icon=&#8221;&#xf21e;||fa||900&#8243; icon_color=&#8221;#e0cc8f&#8221; icon_width=&#8221;35px&#8221; _builder_version=&#8221;4.18.0&#8243; _module_preset=&#8221;default&#8221; animation_style=&#8221;fade&#8221; global_colors_info=&#8221;{}&#8221;][\/et_pb_icon][et_pb_text _builder_version=&#8221;4.18.0&#8243; _module_preset=&#8221;default&#8221; custom_padding=&#8221;||20px||false|false&#8221; border_color_bottom=&#8221;#D7C282&#8243; global_colors_info=&#8221;{}&#8221;]<\/p>\n<h2 style=\"text-align: center;\">Spos\u00f3b u\u017cycia:<\/h2>\n<p><span>Zalecana porcja do spo\u017cycia w ci\u0105gu dnia: 1 kapsu\u0142ka w trakcie posi\u0142ku.<\/span><span> Nie nale\u017cy przekracza\u0107 zalecanej porcji do spo\u017cycia w ci\u0105gu dnia. <\/span><\/p>\n<p><span>Produkt mo\u017ce by\u0107 stosowany przez kobiety w ci\u0105\u017cy lub karmi\u0105ce piersi\u0105 po wcze\u015bniejszej konsultacji z lekarzem. <\/span><\/p>\n<p><span>Produkt nie jest przeznaczony dla dzieci oraz os\u00f3b z indywidualnym brakiem tolerancji na kt\u00f3rykolwiek ze sk\u0142adnik\u00f3w produktu. <\/span><\/p>\n<p><span>Suplement diety nie mo\u017ce by\u0107 stosowany jako zamiennik zr\u00f3\u017cnicowanej diety. Dla utrzymania prawid\u0142owego stanu zdrowia nale\u017cy stosowa\u0107 zr\u00f3\u017cnicowan\u0105 diet\u0119 i prowadzi\u0107 zdrowy tryb \u017cycia.\u00a0<\/span><\/p>\n<p>[\/et_pb_text][\/et_pb_column][et_pb_column type=&#8221;1_2&#8243; _builder_version=&#8221;4.18.0&#8243; _module_preset=&#8221;default&#8221; background_color=&#8221;rgba(249,221,149,0.05)&#8221; custom_padding=&#8221;20px|20px|20px|20px|true|true&#8221; border_width_all=&#8221;1px&#8221; border_color_all=&#8221;rgba(215,194,130,0.31)&#8221; global_colors_info=&#8221;{}&#8221;][et_pb_icon font_icon=&#8221;&#x73;||divi||400&#8243; icon_color=&#8221;#e0cc8f&#8221; icon_width=&#8221;35px&#8221; _builder_version=&#8221;4.18.0&#8243; _module_preset=&#8221;default&#8221; animation_style=&#8221;fade&#8221; global_colors_info=&#8221;{}&#8221;][\/et_pb_icon][et_pb_text _builder_version=&#8221;4.18.0&#8243; _module_preset=&#8221;default&#8221; background_enable_color=&#8221;off&#8221; custom_margin=&#8221;|0px|23px|0px|false|true&#8221; custom_padding=&#8221;||20px||false|false&#8221; border_width_bottom=&#8221;1px&#8221; border_color_bottom=&#8221;rgba(215,194,130,0.31)&#8221; global_colors_info=&#8221;{}&#8221;]<\/p>\n<h2 style=\"text-align: center;\">Ostrze\u017cenia:<\/h2>\n<p><span>Przed zastosowaniem wskazane jest wykonanie badania 25-(OH)D we krwi oraz konsultacja wyniku badania z lekarzem lub farmaceut\u0105. <\/span><\/p>\n<p><span>Nie stosowa\u0107 u os\u00f3b maj\u0105cych predyspozycje do tworzenia kamieni nerkowych lub choruj\u0105cych na kamic\u0119 nerkow\u0105.<\/span><\/p>\n<p>[\/et_pb_text][et_pb_icon font_icon=&#8221;&#xf494;||fa||900&#8243; icon_color=&#8221;#e0cc8f&#8221; icon_width=&#8221;35px&#8221; _builder_version=&#8221;4.18.0&#8243; _module_preset=&#8221;default&#8221; animation_style=&#8221;fade&#8221; global_colors_info=&#8221;{}&#8221;][\/et_pb_icon][et_pb_text _builder_version=&#8221;4.18.0&#8243; _module_preset=&#8221;default&#8221; custom_margin=&#8221;||21px|||&#8221; custom_padding=&#8221;||20px||false|false&#8221; border_color_all=&#8221;rgba(215,194,130,0.31)&#8221; border_width_bottom=&#8221;1px&#8221; global_colors_info=&#8221;{}&#8221;]<\/p>\n<h2 style=\"text-align: center;\">Spos\u00f3b przechowywania:<\/h2>\n<p>Przechowywa\u0107 w suchym miejscu w temperaturze pokojowej, w spos\u00f3b niedost\u0119pny dla ma\u0142ych dzieci.<\/p>\n<p>Chroni\u0107 przed \u015bwiat\u0142em.<\/p>\n<p>[\/et_pb_text][et_pb_icon font_icon=&#8221;&#xf49e;||fa||900&#8243; icon_color=&#8221;#e0cc8f&#8221; icon_width=&#8221;35px&#8221; _builder_version=&#8221;4.18.0&#8243; _module_preset=&#8221;default&#8221; animation_style=&#8221;fade&#8221; global_colors_info=&#8221;{}&#8221;][\/et_pb_icon][et_pb_text _builder_version=&#8221;4.18.0&#8243; _module_preset=&#8221;default&#8221; custom_padding=&#8221;||20px||false|false&#8221; border_color_bottom=&#8221;#D7C282&#8243; global_colors_info=&#8221;{}&#8221;]<\/p>\n<h2 style=\"text-align: center;\">Zawarto\u015b\u0107 w opakowaniu:<\/h2>\n<p>60 kapsu\u0142ek<\/p>\n<p>[\/et_pb_text][\/et_pb_column][\/et_pb_row][et_pb_row _builder_version=&#8221;4.18.0&#8243; _module_preset=&#8221;default&#8221; global_colors_info=&#8221;{}&#8221;][et_pb_column type=&#8221;4_4&#8243; _builder_version=&#8221;4.18.0&#8243; _module_preset=&#8221;default&#8221; global_colors_info=&#8221;{}&#8221;][et_pb_text _builder_version=&#8221;4.18.0&#8243; _module_preset=&#8221;default&#8221; text_font_size=&#8221;12px&#8221; global_colors_info=&#8221;{}&#8221;]<\/p>\n<p><span>*P.P\u0142udowski i in., Standardy medyczne\/ Pediatria, T.10, 2013, str.573-548<\/span><br \/><span>***Na podstawie o\u015bwiadcze\u0144 \u017cywieniowych i zdrowotnych EFSA (Europejski Urz\u0105d ds. Bezpiecze\u0144stwa \u017bywno\u015bci).<\/span><\/p>\n<p>[\/et_pb_text][\/et_pb_column][\/et_pb_row][\/et_pb_section]<\/p>\n","protected":false},"excerpt":{"rendered":"<p>Dervit Fortez biotyn\u0105suplement diety zosta\u0142 opracowany z my\u015bl\u0105 o wszystkich, kt\u00f3rzy chc\u0105 kompleksowo zadba\u0107 o swoje w\u0142osy, sk\u00f3r\u0119 oraz paznokcie. Dervit forte z biotyn\u0105 to \u015bwietne rozwi\u0105zanie dla aktywnych, dojrza\u0142ych kobiet. Dervit forte z biotyn\u0105 polecany jest r\u00f3wnie\u017c osobom: korzystaj\u0105cym z zabieg\u00f3w fryzjerskich i kosmetycznych b\u0119d\u0105cym na diecie b\u0119d\u0105cym pod wp\u0142ywem stresu, \u017cyj\u0105cym w po\u015bpiechu [&hellip;]<\/p>\n","protected":false},"author":1,"featured_media":0,"parent":0,"menu_order":0,"comment_status":"closed","ping_status":"closed","template":"","meta":{"_et_pb_use_builder":"on","_et_pb_old_content":"","_et_gb_content_width":"","footnotes":""},"class_list":["post-15","page","type-page","status-publish","hentry"],"_links":{"self":[{"href":"https:\/\/dervit.pl\/index.php?rest_route=\/wp\/v2\/pages\/15","targetHints":{"allow":["GET"]}}],"collection":[{"href":"https:\/\/dervit.pl\/index.php?rest_route=\/wp\/v2\/pages"}],"about":[{"href":"https:\/\/dervit.pl\/index.php?rest_route=\/wp\/v2\/types\/page"}],"author":[{"embeddable":true,"href":"https:\/\/dervit.pl\/index.php?rest_route=\/wp\/v2\/users\/1"}],"replies":[{"embeddable":true,"href":"https:\/\/dervit.pl\/index.php?rest_route=%2Fwp%2Fv2%2Fcomments&post=15"}],"version-history":[{"count":2,"href":"https:\/\/dervit.pl\/index.php?rest_route=\/wp\/v2\/pages\/15\/revisions"}],"predecessor-version":[{"id":905,"href":"https:\/\/dervit.pl\/index.php?rest_route=\/wp\/v2\/pages\/15\/revisions\/905"}],"wp:attachment":[{"href":"https:\/\/dervit.pl\/index.php?rest_route=%2Fwp%2Fv2%2Fmedia&parent=15"}],"curies":[{"name":"wp","href":"https:\/\/api.w.org\/{rel}","templated":true}]}}