{"id":12,"date":"2022-08-15T16:00:14","date_gmt":"2022-08-15T14:00:14","guid":{"rendered":"https:\/\/logobella.kylos.pl\/dervit.pl\/?page_id=12"},"modified":"2022-12-30T21:33:54","modified_gmt":"2022-12-30T20:33:54","slug":"dervit-andro-dla-kobiet-i-mezczyzn-nadmierna-utrata-wlosow","status":"publish","type":"page","link":"https:\/\/dervit.pl\/?page_id=12","title":{"rendered":"Dervit Andro &#8211; dla kobiet i m\u0119\u017cczyzn &#8211; nadmierna utrata w\u0142os\u00f3w"},"content":{"rendered":"<p>[et_pb_section fb_built=&#8221;1&#8243; _builder_version=&#8221;4.18.0&#8243; _module_preset=&#8221;default&#8221; background_enable_color=&#8221;off&#8221; use_background_color_gradient=&#8221;on&#8221; background_color_gradient_direction=&#8221;321deg&#8221; background_color_gradient_stops=&#8221;#10242f 31%|#013b55 49%|#10242f 66%&#8221; background_enable_image=&#8221;off&#8221; background_size=&#8221;contain&#8221; background_position=&#8221;top_left&#8221; background_vertical_offset=&#8221;25%&#8221; background_blend=&#8221;soft-light&#8221; custom_padding=&#8221;||0px|||&#8221; box_shadow_style=&#8221;preset3&#8243; locked=&#8221;off&#8221; global_colors_info=&#8221;{}&#8221;][et_pb_row column_structure=&#8221;1_5,3_5,1_5&#8243; _builder_version=&#8221;4.18.0&#8243; _module_preset=&#8221;default&#8221; custom_padding=&#8221;||5px|||&#8221; global_colors_info=&#8221;{}&#8221;][et_pb_column type=&#8221;1_5&#8243; _builder_version=&#8221;4.18.0&#8243; _module_preset=&#8221;default&#8221; global_colors_info=&#8221;{}&#8221;][\/et_pb_column][et_pb_column type=&#8221;3_5&#8243; _builder_version=&#8221;4.18.0&#8243; _module_preset=&#8221;default&#8221; global_colors_info=&#8221;{}&#8221;][et_pb_image src=&#8221;https:\/\/dervit.pl\/wp-content\/uploads\/2022\/08\/Dervid-Andro.png&#8221; title_text=&#8221;Dervid Andro&#8221; _builder_version=&#8221;4.18.0&#8243; _module_preset=&#8221;default&#8221; animation_style=&#8221;slide&#8221; animation_direction=&#8221;right&#8221; animation_intensity_slide=&#8221;5%&#8221; global_colors_info=&#8221;{}&#8221;][\/et_pb_image][\/et_pb_column][et_pb_column type=&#8221;1_5&#8243; _builder_version=&#8221;4.18.0&#8243; _module_preset=&#8221;default&#8221; global_colors_info=&#8221;{}&#8221;][\/et_pb_column][\/et_pb_row][et_pb_row column_structure=&#8221;1_3,2_3&#8243; make_equal=&#8221;on&#8221; _builder_version=&#8221;4.18.0&#8243; _module_preset=&#8221;default&#8221; width=&#8221;100%&#8221; max_width=&#8221;100%&#8221; custom_padding=&#8221;0px||0px|||&#8221; locked=&#8221;off&#8221; global_colors_info=&#8221;{}&#8221;][et_pb_column type=&#8221;1_3&#8243; _builder_version=&#8221;4.16&#8243; _module_preset=&#8221;default&#8221; global_colors_info=&#8221;{}&#8221;][et_pb_image src=&#8221;https:\/\/dervit.pl\/wp-content\/uploads\/2022\/10\/Hex-logo-Dervit.png&#8221; title_text=&#8221;Hex logo Dervit&#8221; src_tablet=&#8221;https:\/\/dervit.pl\/wp-content\/uploads\/2022\/10\/Hex-logo-Dervit.png&#8221; src_phone=&#8221;https:\/\/dervit.pl\/wp-content\/uploads\/2022\/10\/Hex-logo-Dervit.png&#8221; src_last_edited=&#8221;on|phone&#8221; _builder_version=&#8221;4.19.4&#8243; _module_preset=&#8221;default&#8221; positioning=&#8221;fixed&#8221; animation_style=&#8221;fade&#8221; hover_enabled=&#8221;0&#8243; global_colors_info=&#8221;{}&#8221; sticky_enabled=&#8221;0&#8243; width_last_edited=&#8221;on|phone&#8221; width_phone=&#8221;50%&#8221; max_width_phone=&#8221;50%&#8221; max_width_last_edited=&#8221;on|phone&#8221; height_phone=&#8221;50%&#8221; height_last_edited=&#8221;on|phone&#8221;][\/et_pb_image][\/et_pb_column][et_pb_column type=&#8221;2_3&#8243; _builder_version=&#8221;4.18.0&#8243; _module_preset=&#8221;default&#8221; background_enable_image=&#8221;off&#8221; background_size=&#8221;initial&#8221; background_position=&#8221;bottom_right&#8221; background_horizontal_offset=&#8221;4%&#8221; background_vertical_offset=&#8221;7%&#8221; animation_style=&#8221;fade&#8221; global_colors_info=&#8221;{}&#8221;][\/et_pb_column][\/et_pb_row][\/et_pb_section][et_pb_section fb_built=&#8221;1&#8243; _builder_version=&#8221;4.18.0&#8243; _module_preset=&#8221;default&#8221; background_color=&#8221;rgba(215,194,130,0.07)&#8221; global_colors_info=&#8221;{}&#8221;][et_pb_row column_structure=&#8221;1_4,3_4&#8243; use_custom_gutter=&#8221;on&#8221; gutter_width=&#8221;1&#8243; _builder_version=&#8221;4.18.0&#8243; _module_preset=&#8221;default&#8221; global_colors_info=&#8221;{}&#8221;][et_pb_column type=&#8221;1_4&#8243; _builder_version=&#8221;4.18.0&#8243; _module_preset=&#8221;default&#8221; global_colors_info=&#8221;{}&#8221;][et_pb_text _builder_version=&#8221;4.19.4&#8243; _module_preset=&#8221;default&#8221; header_2_font=&#8221;|300|||||||&#8221; header_2_text_color=&#8221;#D7C282&#8243; header_2_font_size=&#8221;40px&#8221; hover_enabled=&#8221;0&#8243; global_colors_info=&#8221;{}&#8221; sticky_enabled=&#8221;0&#8243;]<\/p>\n<h2>Dervit Andro<\/h2>\n<p>[\/et_pb_text][et_pb_icon font_icon=&#8221;&#xf299;||fa||400&#8243; icon_color=&#8221;rgba(215,194,130,0.26)&#8221; icon_width=&#8221;113px&#8221; _builder_version=&#8221;4.18.0&#8243; _module_preset=&#8221;default&#8221; global_colors_info=&#8221;{}&#8221;][\/et_pb_icon][\/et_pb_column][et_pb_column type=&#8221;3_4&#8243; _builder_version=&#8221;4.18.0&#8243; _module_preset=&#8221;default&#8221; global_colors_info=&#8221;{}&#8221;][et_pb_text _builder_version=&#8221;4.18.0&#8243; _module_preset=&#8221;default&#8221; global_colors_info=&#8221;{}&#8221;]<\/p>\n<p>suplement diety zosta\u0142 opracowany z my\u015bl\u0105 o wszystkich, kt\u00f3rzy borykaj\u0105 si\u0119 z problemem nadmiernego wypadania w\u0142os\u00f3w. R\u00f3wnie\u017c na tle androgenowym.<\/p>\n<p>Palma saba\u0142owa\u00a0wpiera\u00a0naturalny wzrost w\u0142os\u00f3w oraz ich utrzymanie.<\/p>\n<p>Wierzbownica drobnokwiatowa, witamina E\u00a0pomaga\u00a0w ochronie przed stresem oksydacyjnym.<\/p>\n<p>Witamina B2\u00a0wspiera utrzymanie prawid\u0142owego stanu sk\u00f3ry i b\u0142on \u015bluzowych oraz w\u0142os\u00f3w<\/p>\n<p>Bambus, proso, pokrzywa &#8211; \u017ar\u00f3d\u0142o krzemionki<\/p>\n<p>[\/et_pb_text][\/et_pb_column][\/et_pb_row][\/et_pb_section][et_pb_section fb_built=&#8221;1&#8243; inner_shadow=&#8221;on&#8221; _builder_version=&#8221;4.18.0&#8243; _module_preset=&#8221;default&#8221; global_colors_info=&#8221;{}&#8221;][et_pb_row column_structure=&#8221;1_2,1_2&#8243; use_custom_gutter=&#8221;on&#8221; gutter_width=&#8221;2&#8243; make_equal=&#8221;on&#8221; _builder_version=&#8221;4.18.0&#8243; _module_preset=&#8221;default&#8221; global_colors_info=&#8221;{}&#8221;][et_pb_column type=&#8221;1_2&#8243; _builder_version=&#8221;4.18.0&#8243; _module_preset=&#8221;default&#8221; background_color=&#8221;rgba(249,221,149,0.02)&#8221; custom_padding=&#8221;20px|20px|20px|20px|true|true&#8221; border_width_all=&#8221;1px&#8221; border_color_all=&#8221;rgba(215,194,130,0.31)&#8221; global_colors_info=&#8221;{}&#8221;][et_pb_text _builder_version=&#8221;4.19.4&#8243; _module_preset=&#8221;default&#8221; header_2_font_size=&#8221;25px&#8221; global_colors_info=&#8221;{}&#8221;]<\/p>\n<h2>Sk\u0142adniki aktywne:<\/h2>\n<p><strong><\/strong><\/p>\n<ul>\n<li>Unikalna formu\u0142a ro\u015blinnych sk\u0142adnik\u00f3w aktywnych AndroDiet (owoce palmy saba\u0142owej, li\u015bcie zielonej herbaty, ziele wierzbownicy drobnokwiatowej, kora \u015bliwy afryka\u0144skiej)<\/li>\n<li>Ekstrakty ro\u015blinne: kie\u0142ki bambusa, li\u015bcie pokrzywy, nasiona prosa<\/li>\n<li>Witaminy: witamina C, witamina E, witamina D, niacyna, biotyna, witamina B6, tiamina, ryboflawina<\/li>\n<li>Sk\u0142adniki mineralne: cynk, mangan, mied\u017a, jod<\/li>\n<li>Aminokwasy: L-lizyna, L-cystyna, L-leucyna<\/li>\n<\/ul>\n<ul><\/ul>\n<p>[\/et_pb_text][\/et_pb_column][et_pb_column type=&#8221;1_2&#8243; _builder_version=&#8221;4.18.0&#8243; _module_preset=&#8221;default&#8221; background_color=&#8221;rgba(249,221,149,0.02)&#8221; custom_padding=&#8221;20px|20px|20px|20px|true|true&#8221; border_width_all=&#8221;1px&#8221; border_color_all=&#8221;rgba(215,194,130,0.31)&#8221; global_colors_info=&#8221;{}&#8221;][et_pb_text _builder_version=&#8221;4.19.4&#8243; _module_preset=&#8221;default&#8221; header_2_font=&#8221;||||||||&#8221; header_2_text_color=&#8221;#252E46&#8243; header_2_font_size=&#8221;25px&#8221; global_colors_info=&#8221;{}&#8221;]<\/p>\n<h2>Dlaczego Dervit Andro?<\/h2>\n<p><strong><\/strong><\/p>\n<ul>\n<li>bogactwo sk\u0142adnik\u00f3w<\/li>\n<li>unikalna formu\u0142a AndroDiet (4 starannie dobrane sk\u0142adniki)<\/li>\n<li>wysoka dawka biotyny 2,5 mg<\/li>\n<li>podw\u00f3jne \u017ar\u00f3d\u0142o krzemionki (ponad 12 mg krzemu)<\/li>\n<li>rekomendowana dzienna dawka witaminy D 2000 IU*<\/li>\n<li>nie zawiera stearynianu magnezu ani dwutlenku tytanu<\/li>\n<\/ul>\n<p>[\/et_pb_text][\/et_pb_column][\/et_pb_row][\/et_pb_section][et_pb_section fb_built=&#8221;1&#8243; _builder_version=&#8221;4.18.0&#8243; _module_preset=&#8221;default&#8221; background_color=&#8221;rgba(215,194,130,0.07)&#8221; global_colors_info=&#8221;{}&#8221;][et_pb_row _builder_version=&#8221;4.18.0&#8243; _module_preset=&#8221;default&#8221; global_colors_info=&#8221;{}&#8221;][et_pb_column type=&#8221;4_4&#8243; _builder_version=&#8221;4.18.0&#8243; _module_preset=&#8221;default&#8221; global_colors_info=&#8221;{}&#8221;][et_pb_icon font_icon=&#8221;&#xf5a7;||fa||900&#8243; icon_color=&#8221;#e0cc8f&#8221; icon_width=&#8221;35px&#8221; _builder_version=&#8221;4.18.0&#8243; _module_preset=&#8221;default&#8221; custom_margin=&#8221;||21px|||&#8221; global_colors_info=&#8221;{}&#8221;][\/et_pb_icon][et_pb_text _builder_version=&#8221;4.19.4&#8243; _module_preset=&#8221;default&#8221; global_colors_info=&#8221;{}&#8221;]<\/p>\n<h2 style=\"text-align: center;\">Sk\u0142adniki w porcji dziennej (2 kapsu\u0142ki):<\/h2>\n<p>Mieszanka zio\u0142owa AndroDiet\u00ae [ekstrakt z owoc\u00f3w palmy saba\u0142owej (Serenoa repens) 320 mg, ekstrakt z li\u015bci zielonej herbaty (Camellia sinensis) 80 mg, ekstrakt z ziela wierzbownicy drobnokwiatowej (Epilobium parviflorum) 50 mg, ekstrakt z kory \u015bliwy afryka\u0144skiej (Pygeum africanum) 50 mg]: 500 mg, kapsu\u0142ka (\u017celatyna), chlorowodorek L-lizyny (L-lizyna: 80 mg), kwas L-askorbinowy (witamina C: 80 mg \u2013 100%*), ekstrakt z kie\u0142k\u00f3w bambusa (Bambusa vulgaris) standaryzowany na 75% krzemionki: 33 mg \u2013 w tym krzem 12 mg, ekstrakt z lisci pokrzywy (Urtica dioica): 25 mg, octan DL-alfa-tokoferylu (witamina E: 12 mg \u2013 100%*), L-cystyna:\u00a0 \u00a020 mg, cholekalcyferol (witamina D: 50 \u00b5g \u2013 2000 IU \u2013 1000%*), ekstrakt z nasion prosa (Panicum miliaceum): 20 mg, L-leucyna: 16,34 mg, amid kwasu nikotynowego (niacyna: 16 mg \u2013 100%*), tlenek cynku (cynk: 10 mg \u2013 100%*), siarczan manganu (mangan: 2 mg &#8211; 100%*), D-biotyna (biotyna: 2500 \u00b5g \u2013 5000%*), siarczan miedzi (II) (mied\u017a: 1 mg \u2013 100%*), chlorowodorek pirydoksyny (witamina B6: 1,4 mg \u2013 100%*), chlorowodorek tiaminy (tiamina: 1,1 mg \u2013 100%*), ryboflawina (ryboflawina: 1,4 mg \u2013 100%*), jodek potasu (jod: 150 \u00b5g \u2013 100%*).<br \/>*DRWS \u2013 dzienna referencyjna warto\u015b\u0107 spo\u017cycia dla os\u00f3b doros\u0142ych<\/p>\n<p>[\/et_pb_text][\/et_pb_column][\/et_pb_row][\/et_pb_section][et_pb_section fb_built=&#8221;1&#8243; inner_shadow=&#8221;on&#8221; _builder_version=&#8221;4.18.0&#8243; _module_preset=&#8221;default&#8221; global_colors_info=&#8221;{}&#8221;][et_pb_row column_structure=&#8221;1_2,1_2&#8243; use_custom_gutter=&#8221;on&#8221; gutter_width=&#8221;2&#8243; make_equal=&#8221;on&#8221; _builder_version=&#8221;4.18.0&#8243; _module_preset=&#8221;default&#8221; background_enable_color=&#8221;off&#8221; border_color_all=&#8221;#D7C282&#8243; global_colors_info=&#8221;{}&#8221;][et_pb_column type=&#8221;1_2&#8243; _builder_version=&#8221;4.18.0&#8243; _module_preset=&#8221;default&#8221; background_color=&#8221;rgba(249,221,149,0.05)&#8221; custom_padding=&#8221;20px|20px|20px|20px|true|true&#8221; border_width_all=&#8221;1px&#8221; border_color_all=&#8221;rgba(215,194,130,0.31)&#8221; global_colors_info=&#8221;{}&#8221;][et_pb_icon font_icon=&#8221;&#xf21e;||fa||900&#8243; icon_color=&#8221;#e0cc8f&#8221; icon_width=&#8221;35px&#8221; _builder_version=&#8221;4.18.0&#8243; _module_preset=&#8221;default&#8221; animation_style=&#8221;fade&#8221; global_colors_info=&#8221;{}&#8221;][\/et_pb_icon][et_pb_text _builder_version=&#8221;4.18.0&#8243; _module_preset=&#8221;default&#8221; custom_padding=&#8221;||20px||false|false&#8221; border_color_bottom=&#8221;#D7C282&#8243; global_colors_info=&#8221;{}&#8221;]<\/p>\n<h2 style=\"text-align: center;\">Spos\u00f3b u\u017cycia:<\/h2>\n<p>Zalecana porcja do spo\u017cycia w ci\u0105gu dnia niezb\u0119dna do uzyskania korzystnego dzia\u0142ania: 2 kapsu\u0142ki po posi\u0142ku.<\/p>\n<p>Nie nale\u017cy przekracza\u0107 zalecanej porcji do spo\u017cycia w ci\u0105gu dnia.<\/p>\n<p>Produkt nie jest przeznaczony dla dzieci, kobiet w ci\u0105\u017cy, karmi\u0105cych piersi\u0105 oraz os\u00f3b z indywidualnym brakiem tolerancji na kt\u00f3rykolwiek ze sk\u0142adnik\u00f3w produktu.<\/p>\n<p>Suplement diety nie mo\u017ce by\u0107 stosowany jako zamiennik zr\u00f3\u017cnicowanej diety.<\/p>\n<p>Dla utrzymania prawid\u0142owego stanu zdrowia nale\u017cy stosowa\u0107 zr\u00f3\u017cnicowan\u0105 diet\u0119 i prowadzi\u0107 zdrowy tryb \u017cycia.<\/p>\n<p>[\/et_pb_text][\/et_pb_column][et_pb_column type=&#8221;1_2&#8243; _builder_version=&#8221;4.18.0&#8243; _module_preset=&#8221;default&#8221; background_color=&#8221;rgba(249,221,149,0.05)&#8221; custom_padding=&#8221;20px|20px|20px|20px|true|true&#8221; border_width_all=&#8221;1px&#8221; border_color_all=&#8221;rgba(215,194,130,0.31)&#8221; global_colors_info=&#8221;{}&#8221;][et_pb_icon font_icon=&#8221;&#x73;||divi||400&#8243; icon_color=&#8221;#e0cc8f&#8221; icon_width=&#8221;35px&#8221; _builder_version=&#8221;4.18.0&#8243; _module_preset=&#8221;default&#8221; animation_style=&#8221;fade&#8221; global_colors_info=&#8221;{}&#8221;][\/et_pb_icon][et_pb_text _builder_version=&#8221;4.18.0&#8243; _module_preset=&#8221;default&#8221; background_enable_color=&#8221;off&#8221; custom_margin=&#8221;|0px|23px|0px|false|true&#8221; custom_padding=&#8221;||20px||false|false&#8221; border_width_bottom=&#8221;1px&#8221; border_color_bottom=&#8221;rgba(215,194,130,0.31)&#8221; global_colors_info=&#8221;{}&#8221;]<\/p>\n<h2 style=\"text-align: center;\">Ostrze\u017cenia:<\/h2>\n<p>Przed zastosowaniem wskazane jest wykonanie badania 25-(OH)D we krwi oraz konsultacja wyniku badania z lekarzem lub farmaceut\u0105.<\/p>\n<p>Nie stosowa\u0107 u os\u00f3b maj\u0105cych predyspozycje do tworzenia kamieni nerkowych lub choruj\u0105cych na kamic\u0119 nerkow\u0105.<\/p>\n<p>[\/et_pb_text][et_pb_icon font_icon=&#8221;&#xf494;||fa||900&#8243; icon_color=&#8221;#e0cc8f&#8221; icon_width=&#8221;35px&#8221; _builder_version=&#8221;4.18.0&#8243; _module_preset=&#8221;default&#8221; animation_style=&#8221;fade&#8221; global_colors_info=&#8221;{}&#8221;][\/et_pb_icon][et_pb_text _builder_version=&#8221;4.19.4&#8243; _module_preset=&#8221;default&#8221; custom_margin=&#8221;||21px|||&#8221; custom_padding=&#8221;||20px||false|false&#8221; border_color_all=&#8221;rgba(215,194,130,0.31)&#8221; border_width_bottom=&#8221;1px&#8221; global_colors_info=&#8221;{}&#8221;]<\/p>\n<h2 style=\"text-align: center;\">Spos\u00f3b przechowywania:<\/h2>\n<p>Przechowywa\u0107 w suchym miejscu w temperaturze pokojowej, w spos\u00f3b niedost\u0119pny dla ma\u0142ych dzieci.<\/p>\n<p>Chroni\u0107 przed \u015bwiat\u0142em.<\/p>\n<p>[\/et_pb_text][et_pb_icon font_icon=&#8221;&#xf49e;||fa||900&#8243; icon_color=&#8221;#e0cc8f&#8221; icon_width=&#8221;35px&#8221; _builder_version=&#8221;4.18.0&#8243; _module_preset=&#8221;default&#8221; animation_style=&#8221;fade&#8221; global_colors_info=&#8221;{}&#8221;][\/et_pb_icon][et_pb_text _builder_version=&#8221;4.18.0&#8243; _module_preset=&#8221;default&#8221; custom_padding=&#8221;||20px||false|false&#8221; border_color_bottom=&#8221;#D7C282&#8243; global_colors_info=&#8221;{}&#8221;]<\/p>\n<h2 style=\"text-align: center;\">Zawarto\u015b\u0107 w opakowaniu:<\/h2>\n<p>60 kapsu\u0142ek<\/p>\n<p>[\/et_pb_text][\/et_pb_column][\/et_pb_row][\/et_pb_section]<\/p>\n","protected":false},"excerpt":{"rendered":"<p>Dervit Androsuplement diety zosta\u0142 opracowany z my\u015bl\u0105 o wszystkich, kt\u00f3rzy borykaj\u0105 si\u0119 z problemem nadmiernego wypadania w\u0142os\u00f3w. R\u00f3wnie\u017c na tle androgenowym. Palma saba\u0142owa\u00a0wpiera\u00a0naturalny wzrost w\u0142os\u00f3w oraz ich utrzymanie. Wierzbownica drobnokwiatowa, witamina E\u00a0pomaga\u00a0w ochronie przed stresem oksydacyjnym. Witamina B2\u00a0wspiera utrzymanie prawid\u0142owego stanu sk\u00f3ry i b\u0142on \u015bluzowych oraz w\u0142os\u00f3w Bambus, proso, pokrzywa &#8211; \u017ar\u00f3d\u0142o krzemionkiSk\u0142adniki aktywne: Unikalna [&hellip;]<\/p>\n","protected":false},"author":1,"featured_media":0,"parent":0,"menu_order":0,"comment_status":"closed","ping_status":"closed","template":"","meta":{"_et_pb_use_builder":"on","_et_pb_old_content":"","_et_gb_content_width":"","footnotes":""},"class_list":["post-12","page","type-page","status-publish","hentry"],"_links":{"self":[{"href":"https:\/\/dervit.pl\/index.php?rest_route=\/wp\/v2\/pages\/12","targetHints":{"allow":["GET"]}}],"collection":[{"href":"https:\/\/dervit.pl\/index.php?rest_route=\/wp\/v2\/pages"}],"about":[{"href":"https:\/\/dervit.pl\/index.php?rest_route=\/wp\/v2\/types\/page"}],"author":[{"embeddable":true,"href":"https:\/\/dervit.pl\/index.php?rest_route=\/wp\/v2\/users\/1"}],"replies":[{"embeddable":true,"href":"https:\/\/dervit.pl\/index.php?rest_route=%2Fwp%2Fv2%2Fcomments&post=12"}],"version-history":[{"count":7,"href":"https:\/\/dervit.pl\/index.php?rest_route=\/wp\/v2\/pages\/12\/revisions"}],"predecessor-version":[{"id":920,"href":"https:\/\/dervit.pl\/index.php?rest_route=\/wp\/v2\/pages\/12\/revisions\/920"}],"wp:attachment":[{"href":"https:\/\/dervit.pl\/index.php?rest_route=%2Fwp%2Fv2%2Fmedia&parent=12"}],"curies":[{"name":"wp","href":"https:\/\/api.w.org\/{rel}","templated":true}]}}